{"id":897,"date":"2020-08-12T18:37:11","date_gmt":"2020-08-12T21:37:11","guid":{"rendered":"https:\/\/iesa-tuc.infd.edu.ar\/sitio\/?page_id=897"},"modified":"2020-10-05T16:47:32","modified_gmt":"2020-10-05T19:47:32","slug":"prof-de-educ-fisica","status":"publish","type":"page","link":"https:\/\/iesa-tuc.infd.edu.ar\/sitio\/prof-de-educ-fisica\/","title":{"rendered":"Prof. de Educ. F\u00edsica"},"content":{"rendered":"<h2>A continuaci\u00f3n se adjunta plan de estudio<\/h2>\n<p><img decoding=\"async\" loading=\"lazy\" class=\"alignnone size-full wp-image-986\" src=\"https:\/\/iesa-tuc.infd.edu.ar\/sitio\/wp-content\/uploads\/2020\/10\/1-1.png\" alt=\"\" width=\"643\" height=\"921\" \/> <img decoding=\"async\" loading=\"lazy\" class=\"alignnone size-medium wp-image-987\" src=\"https:\/\/iesa-tuc.infd.edu.ar\/sitio\/wp-content\/uploads\/2020\/10\/2-1.png\" alt=\"\" width=\"647\" height=\"819\" \/> <img decoding=\"async\" loading=\"lazy\" class=\"alignnone size-medium wp-image-988\" src=\"https:\/\/iesa-tuc.infd.edu.ar\/sitio\/wp-content\/uploads\/2020\/10\/3-1.png\" alt=\"\" width=\"657\" height=\"921\" \/><img decoding=\"async\" loading=\"lazy\" class=\"alignnone size-full wp-image-990\" src=\"https:\/\/iesa-tuc.infd.edu.ar\/sitio\/wp-content\/uploads\/2020\/10\/4-1.png\" alt=\"\" width=\"738\" height=\"904\" \/><\/p>\n<h2><\/h2>\n<h2>A continuaci\u00f3n se adjunta R\u00e9gimen de correlativas<\/h2>\n<p>&nbsp;<\/p>\n<p><img decoding=\"async\" loading=\"lazy\" class=\"alignnone size-medium wp-image-1016\" src=\"https:\/\/iesa-tuc.infd.edu.ar\/sitio\/wp-content\/uploads\/2020\/10\/1-7-682x1000.png\" alt=\"\" width=\"682\" height=\"1000\" srcset=\"https:\/\/iesa-tuc.infd.edu.ar\/sitio\/wp-content\/uploads\/2020\/10\/1-7-682x1000.png 682w, https:\/\/iesa-tuc.infd.edu.ar\/sitio\/wp-content\/uploads\/2020\/10\/1-7.png 709w\" sizes=\"(max-width: 682px) 100vw, 682px\" \/> <img decoding=\"async\" loading=\"lazy\" class=\"alignnone size-medium wp-image-1017\" src=\"https:\/\/iesa-tuc.infd.edu.ar\/sitio\/wp-content\/uploads\/2020\/10\/2-6-576x1000.png\" alt=\"\" width=\"576\" height=\"1000\" srcset=\"https:\/\/iesa-tuc.infd.edu.ar\/sitio\/wp-content\/uploads\/2020\/10\/2-6-576x1000.png 576w, https:\/\/iesa-tuc.infd.edu.ar\/sitio\/wp-content\/uploads\/2020\/10\/2-6.png 709w\" sizes=\"(max-width: 576px) 100vw, 576px\" \/> <img decoding=\"async\" loading=\"lazy\" class=\"alignnone size-medium wp-image-1018\" src=\"https:\/\/iesa-tuc.infd.edu.ar\/sitio\/wp-content\/uploads\/2020\/10\/3-6-674x1000.png\" alt=\"\" width=\"674\" height=\"1000\" srcset=\"https:\/\/iesa-tuc.infd.edu.ar\/sitio\/wp-content\/uploads\/2020\/10\/3-6-674x1000.png 674w, https:\/\/iesa-tuc.infd.edu.ar\/sitio\/wp-content\/uploads\/2020\/10\/3-6.png 709w\" sizes=\"(max-width: 674px) 100vw, 674px\" \/> <img decoding=\"async\" loading=\"lazy\" class=\"alignnone size-medium wp-image-1019\" src=\"https:\/\/iesa-tuc.infd.edu.ar\/sitio\/wp-content\/uploads\/2020\/10\/4-7-606x1000.png\" alt=\"\" width=\"606\" height=\"1000\" srcset=\"https:\/\/iesa-tuc.infd.edu.ar\/sitio\/wp-content\/uploads\/2020\/10\/4-7-606x1000.png 606w, https:\/\/iesa-tuc.infd.edu.ar\/sitio\/wp-content\/uploads\/2020\/10\/4-7.png 709w\" sizes=\"(max-width: 606px) 100vw, 606px\" \/><\/p>\n<p>&nbsp;<\/p>\n<p>&nbsp;<\/p>\n<p>&nbsp;<\/p>\n<p>&nbsp;<\/p>\n","protected":false},"excerpt":{"rendered":"<p>A continuaci\u00f3n se adjunta plan de estudio A continuaci\u00f3n se adjunta R\u00e9gimen de correlativas &nbsp; &nbsp; &nbsp; &nbsp; &nbsp;<\/p>\n","protected":false},"author":2719,"featured_media":0,"parent":0,"menu_order":0,"comment_status":"closed","ping_status":"closed","template":"","meta":[],"acf":[],"_links":{"self":[{"href":"https:\/\/iesa-tuc.infd.edu.ar\/sitio\/wp-json\/wp\/v2\/pages\/897"}],"collection":[{"href":"https:\/\/iesa-tuc.infd.edu.ar\/sitio\/wp-json\/wp\/v2\/pages"}],"about":[{"href":"https:\/\/iesa-tuc.infd.edu.ar\/sitio\/wp-json\/wp\/v2\/types\/page"}],"author":[{"embeddable":true,"href":"https:\/\/iesa-tuc.infd.edu.ar\/sitio\/wp-json\/wp\/v2\/users\/2719"}],"replies":[{"embeddable":true,"href":"https:\/\/iesa-tuc.infd.edu.ar\/sitio\/wp-json\/wp\/v2\/comments?post=897"}],"version-history":[{"count":7,"href":"https:\/\/iesa-tuc.infd.edu.ar\/sitio\/wp-json\/wp\/v2\/pages\/897\/revisions"}],"predecessor-version":[{"id":1020,"href":"https:\/\/iesa-tuc.infd.edu.ar\/sitio\/wp-json\/wp\/v2\/pages\/897\/revisions\/1020"}],"wp:attachment":[{"href":"https:\/\/iesa-tuc.infd.edu.ar\/sitio\/wp-json\/wp\/v2\/media?parent=897"}],"curies":[{"name":"wp","href":"https:\/\/api.w.org\/{rel}","templated":true}]}}