{"id":895,"date":"2020-08-12T18:36:51","date_gmt":"2020-08-12T21:36:51","guid":{"rendered":"https:\/\/iesa-tuc.infd.edu.ar\/sitio\/?page_id=895"},"modified":"2026-03-09T17:08:16","modified_gmt":"2026-03-09T20:08:16","slug":"prof-de-educ-especial","status":"publish","type":"page","link":"https:\/\/iesa-tuc.infd.edu.ar\/sitio\/prof-de-educ-especial\/","title":{"rendered":"Prof. de Educ. Especial (645\/5)"},"content":{"rendered":"<h2>A continuaci\u00f3n se adjunta plan de estudio&nbsp; del Prof. de educaci\u00f3n especial con orientaci\u00f3n en discapacidad intelectual.<\/h2>\n<p><img decoding=\"async\" loading=\"lazy\" class=\"alignnone size-medium wp-image-981\" src=\"https:\/\/iesa-tuc.infd.edu.ar\/sitio\/wp-content\/uploads\/2020\/10\/1-1000x589.png\" alt=\"\" width=\"1000\" height=\"589\" srcset=\"https:\/\/iesa-tuc.infd.edu.ar\/sitio\/wp-content\/uploads\/2020\/10\/1-1000x589.png 1000w, https:\/\/iesa-tuc.infd.edu.ar\/sitio\/wp-content\/uploads\/2020\/10\/1-768x452.png 768w, https:\/\/iesa-tuc.infd.edu.ar\/sitio\/wp-content\/uploads\/2020\/10\/1.png 1034w\" sizes=\"(max-width: 1000px) 100vw, 1000px\" \/> <img decoding=\"async\" loading=\"lazy\" class=\"alignnone size-medium wp-image-982\" src=\"https:\/\/iesa-tuc.infd.edu.ar\/sitio\/wp-content\/uploads\/2020\/10\/2-1000x560.png\" alt=\"\" width=\"1000\" height=\"560\" srcset=\"https:\/\/iesa-tuc.infd.edu.ar\/sitio\/wp-content\/uploads\/2020\/10\/2-1000x560.png 1000w, https:\/\/iesa-tuc.infd.edu.ar\/sitio\/wp-content\/uploads\/2020\/10\/2-768x430.png 768w, https:\/\/iesa-tuc.infd.edu.ar\/sitio\/wp-content\/uploads\/2020\/10\/2.png 1041w\" sizes=\"(max-width: 1000px) 100vw, 1000px\" \/> <img decoding=\"async\" loading=\"lazy\" class=\"alignnone size-medium wp-image-983\" src=\"https:\/\/iesa-tuc.infd.edu.ar\/sitio\/wp-content\/uploads\/2020\/10\/3-1000x600.png\" alt=\"\" width=\"1000\" height=\"600\" srcset=\"https:\/\/iesa-tuc.infd.edu.ar\/sitio\/wp-content\/uploads\/2020\/10\/3-1000x600.png 1000w, https:\/\/iesa-tuc.infd.edu.ar\/sitio\/wp-content\/uploads\/2020\/10\/3-768x461.png 768w, https:\/\/iesa-tuc.infd.edu.ar\/sitio\/wp-content\/uploads\/2020\/10\/3.png 1045w\" sizes=\"(max-width: 1000px) 100vw, 1000px\" \/> <img decoding=\"async\" loading=\"lazy\" class=\"alignnone size-medium wp-image-984\" src=\"https:\/\/iesa-tuc.infd.edu.ar\/sitio\/wp-content\/uploads\/2020\/10\/4-1000x581.png\" alt=\"\" width=\"1000\" height=\"581\" srcset=\"https:\/\/iesa-tuc.infd.edu.ar\/sitio\/wp-content\/uploads\/2020\/10\/4-1000x581.png 1000w, https:\/\/iesa-tuc.infd.edu.ar\/sitio\/wp-content\/uploads\/2020\/10\/4-768x446.png 768w, https:\/\/iesa-tuc.infd.edu.ar\/sitio\/wp-content\/uploads\/2020\/10\/4.png 1053w\" sizes=\"(max-width: 1000px) 100vw, 1000px\" \/><\/p>\n<p>&nbsp;<\/p>\n<hr>\n<h2>A continuaci\u00f3n se adjunta r\u00e9gimen de correlativas<\/h2>\n<p>&nbsp;<\/p>\n<p><img decoding=\"async\" loading=\"lazy\" class=\"alignnone size-medium wp-image-1034\" src=\"https:\/\/iesa-tuc.infd.edu.ar\/sitio\/wp-content\/uploads\/2020\/10\/1-717x1000.jpg\" alt=\"\" width=\"717\" height=\"1000\" srcset=\"https:\/\/iesa-tuc.infd.edu.ar\/sitio\/wp-content\/uploads\/2020\/10\/1-717x1000.jpg 717w, https:\/\/iesa-tuc.infd.edu.ar\/sitio\/wp-content\/uploads\/2020\/10\/1-768x1071.jpg 768w, https:\/\/iesa-tuc.infd.edu.ar\/sitio\/wp-content\/uploads\/2020\/10\/1-1363x1900.jpg 1363w, https:\/\/iesa-tuc.infd.edu.ar\/sitio\/wp-content\/uploads\/2020\/10\/1.jpg 1472w\" sizes=\"(max-width: 717px) 100vw, 717px\" \/> <img decoding=\"async\" loading=\"lazy\" class=\"alignnone size-medium wp-image-1035\" src=\"https:\/\/iesa-tuc.infd.edu.ar\/sitio\/wp-content\/uploads\/2020\/10\/2-606x1000.jpg\" alt=\"\" width=\"606\" height=\"1000\" srcset=\"https:\/\/iesa-tuc.infd.edu.ar\/sitio\/wp-content\/uploads\/2020\/10\/2-606x1000.jpg 606w, https:\/\/iesa-tuc.infd.edu.ar\/sitio\/wp-content\/uploads\/2020\/10\/2-768x1268.jpg 768w, https:\/\/iesa-tuc.infd.edu.ar\/sitio\/wp-content\/uploads\/2020\/10\/2-1150x1900.jpg 1150w, https:\/\/iesa-tuc.infd.edu.ar\/sitio\/wp-content\/uploads\/2020\/10\/2.jpg 1492w\" sizes=\"(max-width: 606px) 100vw, 606px\" \/> <img decoding=\"async\" loading=\"lazy\" class=\"alignnone size-medium wp-image-1036\" src=\"https:\/\/iesa-tuc.infd.edu.ar\/sitio\/wp-content\/uploads\/2020\/10\/3-659x1000.jpg\" alt=\"\" width=\"659\" height=\"1000\" srcset=\"https:\/\/iesa-tuc.infd.edu.ar\/sitio\/wp-content\/uploads\/2020\/10\/3-659x1000.jpg 659w, https:\/\/iesa-tuc.infd.edu.ar\/sitio\/wp-content\/uploads\/2020\/10\/3-768x1166.jpg 768w, https:\/\/iesa-tuc.infd.edu.ar\/sitio\/wp-content\/uploads\/2020\/10\/3-1252x1900.jpg 1252w, https:\/\/iesa-tuc.infd.edu.ar\/sitio\/wp-content\/uploads\/2020\/10\/3.jpg 1576w\" sizes=\"(max-width: 659px) 100vw, 659px\" \/> <img decoding=\"async\" loading=\"lazy\" class=\"alignnone size-medium wp-image-1037\" src=\"https:\/\/iesa-tuc.infd.edu.ar\/sitio\/wp-content\/uploads\/2020\/10\/4-663x1000.jpg\" alt=\"\" width=\"663\" height=\"1000\" srcset=\"https:\/\/iesa-tuc.infd.edu.ar\/sitio\/wp-content\/uploads\/2020\/10\/4-663x1000.jpg 663w, https:\/\/iesa-tuc.infd.edu.ar\/sitio\/wp-content\/uploads\/2020\/10\/4-768x1158.jpg 768w, https:\/\/iesa-tuc.infd.edu.ar\/sitio\/wp-content\/uploads\/2020\/10\/4-1260x1900.jpg 1260w, https:\/\/iesa-tuc.infd.edu.ar\/sitio\/wp-content\/uploads\/2020\/10\/4.jpg 1512w\" sizes=\"(max-width: 663px) 100vw, 663px\" \/><\/p>\n<p>&nbsp;<\/p>\n<p>&nbsp;<\/p>\n","protected":false},"excerpt":{"rendered":"<p>A continuaci\u00f3n se adjunta plan de estudio&nbsp; del Prof. de educaci\u00f3n especial con orientaci\u00f3n en discapacidad intelectual. &nbsp; A continuaci\u00f3n se adjunta r\u00e9gimen de correlativas &nbsp; &nbsp; &nbsp;<\/p>\n","protected":false},"author":2719,"featured_media":0,"parent":0,"menu_order":0,"comment_status":"closed","ping_status":"closed","template":"","meta":[],"acf":[],"_links":{"self":[{"href":"https:\/\/iesa-tuc.infd.edu.ar\/sitio\/wp-json\/wp\/v2\/pages\/895"}],"collection":[{"href":"https:\/\/iesa-tuc.infd.edu.ar\/sitio\/wp-json\/wp\/v2\/pages"}],"about":[{"href":"https:\/\/iesa-tuc.infd.edu.ar\/sitio\/wp-json\/wp\/v2\/types\/page"}],"author":[{"embeddable":true,"href":"https:\/\/iesa-tuc.infd.edu.ar\/sitio\/wp-json\/wp\/v2\/users\/2719"}],"replies":[{"embeddable":true,"href":"https:\/\/iesa-tuc.infd.edu.ar\/sitio\/wp-json\/wp\/v2\/comments?post=895"}],"version-history":[{"count":7,"href":"https:\/\/iesa-tuc.infd.edu.ar\/sitio\/wp-json\/wp\/v2\/pages\/895\/revisions"}],"predecessor-version":[{"id":1116,"href":"https:\/\/iesa-tuc.infd.edu.ar\/sitio\/wp-json\/wp\/v2\/pages\/895\/revisions\/1116"}],"wp:attachment":[{"href":"https:\/\/iesa-tuc.infd.edu.ar\/sitio\/wp-json\/wp\/v2\/media?parent=895"}],"curies":[{"name":"wp","href":"https:\/\/api.w.org\/{rel}","templated":true}]}}