{"id":893,"date":"2020-08-12T18:36:22","date_gmt":"2020-08-12T21:36:22","guid":{"rendered":"https:\/\/iesa-tuc.infd.edu.ar\/sitio\/?page_id=893"},"modified":"2020-10-05T16:49:14","modified_gmt":"2020-10-05T19:49:14","slug":"prof-de-educ-primaria","status":"publish","type":"page","link":"https:\/\/iesa-tuc.infd.edu.ar\/sitio\/prof-de-educ-primaria\/","title":{"rendered":"Prof. de Educ. Primaria"},"content":{"rendered":"<h2>A continuaci\u00f3n se adjunta plan de estudio<\/h2>\n<p><img decoding=\"async\" loading=\"lazy\" class=\"alignnone size-medium wp-image-994\" src=\"https:\/\/iesa-tuc.infd.edu.ar\/sitio\/wp-content\/uploads\/2020\/10\/1-2-559x1000.png\" alt=\"\" width=\"559\" height=\"1000\" srcset=\"https:\/\/iesa-tuc.infd.edu.ar\/sitio\/wp-content\/uploads\/2020\/10\/1-2-559x1000.png 559w, https:\/\/iesa-tuc.infd.edu.ar\/sitio\/wp-content\/uploads\/2020\/10\/1-2.png 733w\" sizes=\"(max-width: 559px) 100vw, 559px\" \/><\/p>\n<p><img decoding=\"async\" loading=\"lazy\" class=\"alignnone size-medium wp-image-995\" src=\"https:\/\/iesa-tuc.infd.edu.ar\/sitio\/wp-content\/uploads\/2020\/10\/2-2-559x1000.png\" alt=\"\" width=\"559\" height=\"1000\" srcset=\"https:\/\/iesa-tuc.infd.edu.ar\/sitio\/wp-content\/uploads\/2020\/10\/2-2-559x1000.png 559w, https:\/\/iesa-tuc.infd.edu.ar\/sitio\/wp-content\/uploads\/2020\/10\/2-2.png 733w\" sizes=\"(max-width: 559px) 100vw, 559px\" \/> <img decoding=\"async\" loading=\"lazy\" class=\"alignnone size-medium wp-image-996\" src=\"https:\/\/iesa-tuc.infd.edu.ar\/sitio\/wp-content\/uploads\/2020\/10\/3-2-559x1000.png\" alt=\"\" width=\"559\" height=\"1000\" srcset=\"https:\/\/iesa-tuc.infd.edu.ar\/sitio\/wp-content\/uploads\/2020\/10\/3-2-559x1000.png 559w, https:\/\/iesa-tuc.infd.edu.ar\/sitio\/wp-content\/uploads\/2020\/10\/3-2.png 733w\" sizes=\"(max-width: 559px) 100vw, 559px\" \/> <img decoding=\"async\" loading=\"lazy\" class=\"alignnone size-medium wp-image-997\" src=\"https:\/\/iesa-tuc.infd.edu.ar\/sitio\/wp-content\/uploads\/2020\/10\/4-3-559x1000.png\" alt=\"\" width=\"559\" height=\"1000\" srcset=\"https:\/\/iesa-tuc.infd.edu.ar\/sitio\/wp-content\/uploads\/2020\/10\/4-3-559x1000.png 559w, https:\/\/iesa-tuc.infd.edu.ar\/sitio\/wp-content\/uploads\/2020\/10\/4-3.png 733w\" sizes=\"(max-width: 559px) 100vw, 559px\" \/><\/p>\n<p>&nbsp;<\/p>\n<p>A continuaci\u00f3n se adjunta el r\u00e9gimen de correlativas<\/p>\n<p>&nbsp;<\/p>\n<p><img decoding=\"async\" loading=\"lazy\" class=\"alignnone size-full wp-image-1021\" src=\"https:\/\/iesa-tuc.infd.edu.ar\/sitio\/wp-content\/uploads\/2020\/10\/1-8.png\" alt=\"\" width=\"725\" height=\"968\" \/> <img decoding=\"async\" loading=\"lazy\" class=\"alignnone size-medium wp-image-1022\" src=\"https:\/\/iesa-tuc.infd.edu.ar\/sitio\/wp-content\/uploads\/2020\/10\/2-7-769x1000.png\" alt=\"\" width=\"769\" height=\"1000\" srcset=\"https:\/\/iesa-tuc.infd.edu.ar\/sitio\/wp-content\/uploads\/2020\/10\/2-7.png 769w, https:\/\/iesa-tuc.infd.edu.ar\/sitio\/wp-content\/uploads\/2020\/10\/2-7-768x999.png 768w\" sizes=\"(max-width: 769px) 100vw, 769px\" \/> <img decoding=\"async\" loading=\"lazy\" class=\"alignnone size-medium wp-image-1023\" src=\"https:\/\/iesa-tuc.infd.edu.ar\/sitio\/wp-content\/uploads\/2020\/10\/3-7-676x1000.png\" alt=\"\" width=\"676\" height=\"1000\" srcset=\"https:\/\/iesa-tuc.infd.edu.ar\/sitio\/wp-content\/uploads\/2020\/10\/3-7-676x1000.png 676w, https:\/\/iesa-tuc.infd.edu.ar\/sitio\/wp-content\/uploads\/2020\/10\/3-7.png 768w\" sizes=\"(max-width: 676px) 100vw, 676px\" \/> <img decoding=\"async\" loading=\"lazy\" class=\"alignnone size-medium wp-image-1024\" src=\"https:\/\/iesa-tuc.infd.edu.ar\/sitio\/wp-content\/uploads\/2020\/10\/4-8.png\" alt=\"\" width=\"725\" height=\"941\" \/><\/p>\n","protected":false},"excerpt":{"rendered":"<p>A continuaci\u00f3n se adjunta plan de estudio &nbsp; A continuaci\u00f3n se adjunta el r\u00e9gimen de correlativas &nbsp;<\/p>\n","protected":false},"author":2719,"featured_media":0,"parent":0,"menu_order":0,"comment_status":"closed","ping_status":"closed","template":"","meta":[],"acf":[],"_links":{"self":[{"href":"https:\/\/iesa-tuc.infd.edu.ar\/sitio\/wp-json\/wp\/v2\/pages\/893"}],"collection":[{"href":"https:\/\/iesa-tuc.infd.edu.ar\/sitio\/wp-json\/wp\/v2\/pages"}],"about":[{"href":"https:\/\/iesa-tuc.infd.edu.ar\/sitio\/wp-json\/wp\/v2\/types\/page"}],"author":[{"embeddable":true,"href":"https:\/\/iesa-tuc.infd.edu.ar\/sitio\/wp-json\/wp\/v2\/users\/2719"}],"replies":[{"embeddable":true,"href":"https:\/\/iesa-tuc.infd.edu.ar\/sitio\/wp-json\/wp\/v2\/comments?post=893"}],"version-history":[{"count":5,"href":"https:\/\/iesa-tuc.infd.edu.ar\/sitio\/wp-json\/wp\/v2\/pages\/893\/revisions"}],"predecessor-version":[{"id":1025,"href":"https:\/\/iesa-tuc.infd.edu.ar\/sitio\/wp-json\/wp\/v2\/pages\/893\/revisions\/1025"}],"wp:attachment":[{"href":"https:\/\/iesa-tuc.infd.edu.ar\/sitio\/wp-json\/wp\/v2\/media?parent=893"}],"curies":[{"name":"wp","href":"https:\/\/api.w.org\/{rel}","templated":true}]}}