{"id":889,"date":"2020-08-12T18:35:34","date_gmt":"2020-08-12T21:35:34","guid":{"rendered":"https:\/\/iesa-tuc.infd.edu.ar\/sitio\/?page_id=889"},"modified":"2020-10-02T20:54:37","modified_gmt":"2020-10-02T23:54:37","slug":"prof-de-matematica","status":"publish","type":"page","link":"https:\/\/iesa-tuc.infd.edu.ar\/sitio\/prof-de-matematica\/","title":{"rendered":"Prof. de Matem\u00e1tica"},"content":{"rendered":"<h3>Profesorado de Educaci\u00f3n Secundaria en Matem\u00e1tica .<\/h3>\n<div id=\"metaslider-id-929\" style=\"width: 100%;\" class=\"ml-slider-3-33-0 metaslider metaslider-flex metaslider-929 ml-slider ms-theme-default\" role=\"region\" aria-roledescription=\"Slideshow\" aria-label=\"Slideshow\">\n    <div id=\"metaslider_container_929\">\n        <div id=\"metaslider_929\" class=\"flexslider\">\n            <ul aria-live=\"polite\" class=\"slides\">\n                <li style=\"display: block; width: 100%;\" class=\"slide-937 ms-image\" aria-roledescription=\"slide\" aria-label=\"slide-937\"><img src=\"https:\/\/iesa-tuc.infd.edu.ar\/sitio\/wp-content\/uploads\/2020\/08\/72772948_141740243835528_4099212058266959872_o-1100x470.jpg\" height=\"470\" width=\"1100\" alt=\"\" class=\"slider-929 slide-937\" title=\"72772948_141740243835528_4099212058266959872_o\" \/><\/li>\n                <li style=\"display: none; width: 100%;\" class=\"slide-938 ms-image\" aria-roledescription=\"slide\" aria-label=\"slide-938\"><img src=\"https:\/\/iesa-tuc.infd.edu.ar\/sitio\/wp-content\/uploads\/2020\/08\/73030715_141738837169002_3328776589872726016_o-1100x470.jpg\" height=\"470\" width=\"1100\" alt=\"\" class=\"slider-929 slide-938\" title=\"73030715_141738837169002_3328776589872726016_o\" \/><\/li>\n                <li style=\"display: none; width: 100%;\" class=\"slide-939 ms-image\" aria-roledescription=\"slide\" aria-label=\"slide-939\"><img src=\"https:\/\/iesa-tuc.infd.edu.ar\/sitio\/wp-content\/uploads\/2020\/08\/73093318_141739783835574_5711600539905556480_o-1100x470.jpg\" height=\"470\" width=\"1100\" alt=\"\" class=\"slider-929 slide-939\" title=\"73093318_141739783835574_5711600539905556480_o\" \/><\/li>\n                <li style=\"display: none; width: 100%;\" class=\"slide-940 ms-image\" aria-roledescription=\"slide\" aria-label=\"slide-940\"><img src=\"https:\/\/iesa-tuc.infd.edu.ar\/sitio\/wp-content\/uploads\/2020\/08\/73101119_141739833835569_2172561549724483584_o-1100x470.jpg\" height=\"470\" width=\"1100\" alt=\"\" class=\"slider-929 slide-940\" title=\"73101119_141739833835569_2172561549724483584_o\" \/><\/li>\n                <li style=\"display: none; width: 100%;\" class=\"slide-941 ms-image\" aria-roledescription=\"slide\" aria-label=\"slide-941\"><img src=\"https:\/\/iesa-tuc.infd.edu.ar\/sitio\/wp-content\/uploads\/2020\/08\/73472714_141740190502200_727951180910559232_o-1100x470.jpg\" height=\"470\" width=\"1100\" alt=\"\" class=\"slider-929 slide-941\" title=\"73472714_141740190502200_727951180910559232_o\" \/><\/li>\n                <li style=\"display: none; width: 100%;\" class=\"slide-942 ms-image\" aria-roledescription=\"slide\" aria-label=\"slide-942\"><img src=\"https:\/\/iesa-tuc.infd.edu.ar\/sitio\/wp-content\/uploads\/2020\/08\/74908159_141739753835577_3637825982473175040_o-1100x470.jpg\" height=\"470\" width=\"1100\" alt=\"\" class=\"slider-929 slide-942\" title=\"74908159_141739753835577_3637825982473175040_o\" \/><\/li>\n                <li style=\"display: none; width: 100%;\" class=\"slide-943 ms-image\" aria-roledescription=\"slide\" aria-label=\"slide-943\"><img src=\"https:\/\/iesa-tuc.infd.edu.ar\/sitio\/wp-content\/uploads\/2020\/08\/75308024_141739970502222_6135284211659046912_o-1100x470.jpg\" height=\"470\" width=\"1100\" alt=\"\" class=\"slider-929 slide-943\" title=\"75308024_141739970502222_6135284211659046912_o\" \/><\/li>\n            <\/ul>\n        <\/div>\n        \n    <\/div>\n<\/div>\n<p>&nbsp;<\/p>\n<p>&nbsp;<\/p>\n<h2>Se adjunta plan de estudios<\/h2>\n<p>&nbsp;<\/p>\n<p>&nbsp;<\/p>\n<p><img decoding=\"async\" loading=\"lazy\" class=\"alignnone size-medium wp-image-1005\" src=\"https:\/\/iesa-tuc.infd.edu.ar\/sitio\/wp-content\/uploads\/2020\/10\/1-5-576x1000.png\" alt=\"\" width=\"576\" height=\"1000\" srcset=\"https:\/\/iesa-tuc.infd.edu.ar\/sitio\/wp-content\/uploads\/2020\/10\/1-5-576x1000.png 576w, https:\/\/iesa-tuc.infd.edu.ar\/sitio\/wp-content\/uploads\/2020\/10\/1-5.png 693w\" sizes=\"(max-width: 576px) 100vw, 576px\" \/> <img decoding=\"async\" loading=\"lazy\" class=\"alignnone size-medium wp-image-1006\" src=\"https:\/\/iesa-tuc.infd.edu.ar\/sitio\/wp-content\/uploads\/2020\/10\/2-4-610x1000.png\" alt=\"\" width=\"610\" height=\"1000\" srcset=\"https:\/\/iesa-tuc.infd.edu.ar\/sitio\/wp-content\/uploads\/2020\/10\/2-4-610x1000.png 610w, https:\/\/iesa-tuc.infd.edu.ar\/sitio\/wp-content\/uploads\/2020\/10\/2-4.png 734w\" sizes=\"(max-width: 610px) 100vw, 610px\" \/> <img decoding=\"async\" loading=\"lazy\" class=\"alignnone size-medium wp-image-1007\" src=\"https:\/\/iesa-tuc.infd.edu.ar\/sitio\/wp-content\/uploads\/2020\/10\/3-4-573x1000.png\" alt=\"\" width=\"573\" height=\"1000\" srcset=\"https:\/\/iesa-tuc.infd.edu.ar\/sitio\/wp-content\/uploads\/2020\/10\/3-4-573x1000.png 573w, https:\/\/iesa-tuc.infd.edu.ar\/sitio\/wp-content\/uploads\/2020\/10\/3-4.png 734w\" sizes=\"(max-width: 573px) 100vw, 573px\" \/> <img decoding=\"async\" loading=\"lazy\" class=\"alignnone size-medium wp-image-1008\" src=\"https:\/\/iesa-tuc.infd.edu.ar\/sitio\/wp-content\/uploads\/2020\/10\/4-5-609x1000.png\" alt=\"\" width=\"609\" height=\"1000\" srcset=\"https:\/\/iesa-tuc.infd.edu.ar\/sitio\/wp-content\/uploads\/2020\/10\/4-5-609x1000.png 609w, https:\/\/iesa-tuc.infd.edu.ar\/sitio\/wp-content\/uploads\/2020\/10\/4-5.png 734w\" sizes=\"(max-width: 609px) 100vw, 609px\" \/><\/p>\n<p>&nbsp;<\/p>\n<h2>A continuaci\u00f3n se adjunta r\u00e9gimen de correlativas.<\/h2>\n<p>&nbsp;<\/p>\n<p><img decoding=\"async\" loading=\"lazy\" class=\"alignnone size-full wp-image-1010\" src=\"https:\/\/iesa-tuc.infd.edu.ar\/sitio\/wp-content\/uploads\/2020\/10\/1-6.png\" alt=\"\" width=\"703\" height=\"843\" \/> <img decoding=\"async\" loading=\"lazy\" class=\"alignnone size-medium wp-image-1011\" src=\"https:\/\/iesa-tuc.infd.edu.ar\/sitio\/wp-content\/uploads\/2020\/10\/2-5-610x1000.png\" alt=\"\" width=\"610\" height=\"1000\" srcset=\"https:\/\/iesa-tuc.infd.edu.ar\/sitio\/wp-content\/uploads\/2020\/10\/2-5-610x1000.png 610w, https:\/\/iesa-tuc.infd.edu.ar\/sitio\/wp-content\/uploads\/2020\/10\/2-5.png 729w\" sizes=\"(max-width: 610px) 100vw, 610px\" \/> <img decoding=\"async\" loading=\"lazy\" class=\"alignnone size-medium wp-image-1012\" src=\"https:\/\/iesa-tuc.infd.edu.ar\/sitio\/wp-content\/uploads\/2020\/10\/3-5-661x1000.png\" alt=\"\" width=\"661\" height=\"1000\" srcset=\"https:\/\/iesa-tuc.infd.edu.ar\/sitio\/wp-content\/uploads\/2020\/10\/3-5-661x1000.png 661w, https:\/\/iesa-tuc.infd.edu.ar\/sitio\/wp-content\/uploads\/2020\/10\/3-5.png 729w\" sizes=\"(max-width: 661px) 100vw, 661px\" \/> <img decoding=\"async\" loading=\"lazy\" class=\"alignnone size-medium wp-image-1013\" src=\"https:\/\/iesa-tuc.infd.edu.ar\/sitio\/wp-content\/uploads\/2020\/10\/4-6-625x1000.png\" alt=\"\" width=\"625\" height=\"1000\" srcset=\"https:\/\/iesa-tuc.infd.edu.ar\/sitio\/wp-content\/uploads\/2020\/10\/4-6-625x1000.png 625w, https:\/\/iesa-tuc.infd.edu.ar\/sitio\/wp-content\/uploads\/2020\/10\/4-6.png 729w\" sizes=\"(max-width: 625px) 100vw, 625px\" \/><\/p>\n<p>&nbsp;<\/p>\n<p>&nbsp;<\/p>\n","protected":false},"excerpt":{"rendered":"<p>Profesorado de Educaci\u00f3n Secundaria en Matem\u00e1tica . &nbsp; &nbsp; Se adjunta plan de estudios &nbsp; &nbsp; &nbsp; A continuaci\u00f3n se adjunta r\u00e9gimen de correlativas. &nbsp; &nbsp; &nbsp;<\/p>\n","protected":false},"author":2719,"featured_media":0,"parent":0,"menu_order":0,"comment_status":"closed","ping_status":"closed","template":"","meta":[],"acf":[],"_links":{"self":[{"href":"https:\/\/iesa-tuc.infd.edu.ar\/sitio\/wp-json\/wp\/v2\/pages\/889"}],"collection":[{"href":"https:\/\/iesa-tuc.infd.edu.ar\/sitio\/wp-json\/wp\/v2\/pages"}],"about":[{"href":"https:\/\/iesa-tuc.infd.edu.ar\/sitio\/wp-json\/wp\/v2\/types\/page"}],"author":[{"embeddable":true,"href":"https:\/\/iesa-tuc.infd.edu.ar\/sitio\/wp-json\/wp\/v2\/users\/2719"}],"replies":[{"embeddable":true,"href":"https:\/\/iesa-tuc.infd.edu.ar\/sitio\/wp-json\/wp\/v2\/comments?post=889"}],"version-history":[{"count":7,"href":"https:\/\/iesa-tuc.infd.edu.ar\/sitio\/wp-json\/wp\/v2\/pages\/889\/revisions"}],"predecessor-version":[{"id":1014,"href":"https:\/\/iesa-tuc.infd.edu.ar\/sitio\/wp-json\/wp\/v2\/pages\/889\/revisions\/1014"}],"wp:attachment":[{"href":"https:\/\/iesa-tuc.infd.edu.ar\/sitio\/wp-json\/wp\/v2\/media?parent=889"}],"curies":[{"name":"wp","href":"https:\/\/api.w.org\/{rel}","templated":true}]}}