{"id":286,"date":"2016-10-31T13:17:59","date_gmt":"2016-10-31T16:17:59","guid":{"rendered":"https:\/\/iesa-tuc.infd.edu.ar\/sitio\/?page_id=286"},"modified":"2020-08-12T20:55:29","modified_gmt":"2020-08-12T23:55:29","slug":"inicio","status":"publish","type":"page","link":"https:\/\/iesa-tuc.infd.edu.ar\/sitio\/","title":{"rendered":"Inicio"},"content":{"rendered":"<div id=\"metaslider-id-852\" style=\"width: 100%;\" class=\"ml-slider-3-33-0 metaslider metaslider-flex metaslider-852 ml-slider ms-theme-default\" role=\"region\" aria-roledescription=\"Slideshow\" aria-label=\"Slideshow\">\n    <div id=\"metaslider_container_852\">\n        <div id=\"metaslider_852\" class=\"flexslider\">\n            <ul aria-live=\"polite\" class=\"slides\">\n                <li style=\"display: block; width: 100%;\" class=\"slide-858 ms-image\" aria-roledescription=\"slide\" aria-label=\"slide-858\"><a href=\"https:\/\/iesa-tuc.infd.edu.ar\/sitio\/prof-de-matematica\/\" target=\"_self\"><img src=\"https:\/\/iesa-tuc.infd.edu.ar\/sitio\/wp-content\/uploads\/2026\/03\/matematicas-1100x270.png\" height=\"270\" width=\"1100\" alt=\"\" class=\"slider-852 slide-858\" title=\"matematicas\" \/><\/a><\/li>\n                <li style=\"display: none; width: 100%;\" class=\"slide-861 ms-image\" aria-roledescription=\"slide\" aria-label=\"slide-861\"><a href=\"https:\/\/iesa-tuc.infd.edu.ar\/sitio\/prof-de-educ-primaria\/\" target=\"_self\"><img src=\"https:\/\/iesa-tuc.infd.edu.ar\/sitio\/wp-content\/uploads\/2026\/03\/primaria-1100x270.png\" height=\"270\" width=\"1100\" alt=\"\" class=\"slider-852 slide-861\" title=\"primaria\" \/><\/a><\/li>\n                <li style=\"display: none; width: 100%;\" class=\"slide-859 ms-image\" aria-roledescription=\"slide\" aria-label=\"slide-859\"><a href=\"https:\/\/iesa-tuc.infd.edu.ar\/sitio\/prof-de-educ-fisica\/\" target=\"_self\"><img src=\"https:\/\/iesa-tuc.infd.edu.ar\/sitio\/wp-content\/uploads\/2026\/03\/fisica-1100x270.png\" height=\"270\" width=\"1100\" alt=\"\" class=\"slider-852 slide-859\" title=\"fisica\" \/><\/a><\/li>\n                <li style=\"display: none; width: 100%;\" class=\"slide-860 ms-image\" aria-roledescription=\"slide\" aria-label=\"slide-860\"><a href=\"https:\/\/iesa-tuc.infd.edu.ar\/sitio\/prof-de-ingles\/\" target=\"_self\"><img src=\"https:\/\/iesa-tuc.infd.edu.ar\/sitio\/wp-content\/uploads\/2026\/03\/ingles-1100x270.png\" height=\"270\" width=\"1100\" alt=\"\" class=\"slider-852 slide-860\" title=\"ingles\" \/><\/a><\/li>\n                <li style=\"display: none; width: 100%;\" class=\"slide-868 ms-image\" aria-roledescription=\"slide\" aria-label=\"slide-868\"><a href=\"https:\/\/iesa-tuc.infd.edu.ar\/sitio\/prof-de-educacion-especial-rm-0103-5\/\" target=\"_self\"><img src=\"https:\/\/iesa-tuc.infd.edu.ar\/sitio\/wp-content\/uploads\/2026\/03\/priaria-1100x270.png\" height=\"270\" width=\"1100\" alt=\"\" class=\"slider-852 slide-868\" title=\"priaria\" \/><\/a><\/li>\n                <li style=\"display: none; width: 100%;\" class=\"slide-1151 ms-image\" aria-roledescription=\"slide\" aria-label=\"slide-1151\"><a href=\"https:\/\/iesa-tuc.infd.edu.ar\/sitio\/tec-sup-en-desarrollo-de-software\/\" target=\"_self\"><img src=\"https:\/\/iesa-tuc.infd.edu.ar\/sitio\/wp-content\/uploads\/2026\/03\/desarrollo-1-1100x270.png\" height=\"270\" width=\"1100\" alt=\"\" class=\"slider-852 slide-1151\" title=\"desarrollo\" \/><\/a><\/li>\n            <\/ul>\n        <\/div>\n        \n    <\/div>\n<\/div>\n<table id=\"table1\" style=\"width: 100%; height: 902px;\" border=\"1\" cellspacing=\"0\" cellpadding=\"10\" align=\"center\">\n<tbody>\n<tr>\n<td style=\"border: 1px solid;\">\n<p style=\"text-align: center;\"><span style=\"font-family: 'book antiqua', palatino; font-size: 24pt; color: #0000ff;\"><span style=\"background-color: #ffffff;\"><strong>Instituto de Ense\u00f1anza Superior \u00a0\u00a0<\/strong><\/span><span style=\"background-color: #ffffff;\"><strong>Aguilares<\/strong><\/span><\/span><\/p>\n<h2 style=\"text-align: center;\"><strong>50 a\u00f1os al servicio de la\u00a0 Educaci\u00f3n\u00a0<\/strong><\/h2>\n<p><img decoding=\"async\" loading=\"lazy\" class=\"aligncenter wp-image-924 size-thumbnail\" src=\"https:\/\/iesa-tuc.infd.edu.ar\/sitio\/wp-content\/uploads\/2020\/08\/18425433_842808355869838_941007810180631379_n-500x500.jpg\" alt=\"\" width=\"500\" height=\"500\" \/><\/p>\n<h3 style=\"padding-left: 30px;\"><span style=\"font-size: 10pt; color: black; font-family: Verdana;\">\u00a0 \u00a0 \u00a0 \u00a0E<\/span><span style=\"font-size: 10pt; color: black; font-family: Verdana;\">ste Instituto de Ense\u00f1anza Superior Docente, forma parte del sistema de educaci\u00f3n p\u00fablica de gesti\u00f3n estatal. <\/span><\/h3>\n<h3 style=\"padding-left: 30px;\"><span style=\"font-size: 10pt; color: black; font-family: Verdana;\">\u00a0 \u00a0 \u00a0 \u00a0El I.E.S. Aguilares, cuenta con edificio propio, sito en Miguel Perilli 1201, en la localidad de Aguilares, departamento R\u00edo Chico, provincia de Tucum\u00e1n.<\/span><\/h3>\n<h3><\/h3>\n<h3 style=\"padding-left: 30px;\"><span style=\"font-size: 10pt; color: black; font-family: Verdana;\">A trav\u00e9s de este sitio en Internet, nuestro Instituto podr\u00e1 comunicar novedades, acercar informaci\u00f3n, compartir experiencias y brindar apoyo y asesoramiento a\u00a0alumnos, docentes e interesados en formar parte de esta comunidad educativa.<\/span><span style=\"font-size: 10pt; color: black; font-family: Verdana;\">Junto con varios cientos de Institutos, integramos la <strong><em><span style=\"font-family: Verdana;\">Red\u00a0Virtual de Institutos Superiores de Formaci\u00f3n Docente<\/span> <\/em><\/strong>\u00a0coordinada por el <strong><span style=\"font-family: Verdana;\">INFD<\/span> <\/strong>(Instituto N<\/span><span style=\"font-size: 10pt; color: black; font-family: Verdana;\">aci<\/span><span style=\"font-size: 10pt; color: black; font-family: Verdana;\">onal d<\/span><span style=\"font-size: 10pt; color: black; font-family: Verdana;\">e Formaci\u00f3n<\/span><span style=\"font-size: 10pt; color: black; font-family: Verdana;\"> Docente)<\/span><span style=\"font-size: 10pt; color: black; font-family: Verdana;\"> dependient<\/span><span style=\"font-size: 10pt; color: black; font-family: Verdana;\">e del Ministerio de Educaci<\/span><span style=\"font-size: 10pt; color: black; font-family: Verdana;\">\u00f3n de la Na<\/span><span style=\"font-size: 10pt; color: black; font-family: Verdana;\">ci\u00f3n Argen<\/span><span style=\"font-size: 10pt; color: black; font-family: Verdana;\">tina.<\/span><\/h3>\n<p style=\"padding-left: 30px;\"><img decoding=\"async\" loading=\"lazy\" class=\"wp-image-811 aligncenter\" src=\"https:\/\/iesa-tuc.infd.edu.ar\/sitio\/wp-content\/uploads\/2020\/02\/Imagen1.png\" alt=\"\" width=\"319\" height=\"243\" srcset=\"https:\/\/iesa-tuc.infd.edu.ar\/sitio\/wp-content\/uploads\/2020\/02\/Imagen1.png 502w, https:\/\/iesa-tuc.infd.edu.ar\/sitio\/wp-content\/uploads\/2020\/02\/Imagen1-500x382.png 500w\" sizes=\"(max-width: 319px) 100vw, 319px\" \/><\/p>\n<\/td>\n<\/tr>\n<\/tbody>\n<\/table>\n<h1 style=\"text-align: center;\">NOVEDADES<\/h1>\n<p style=\"text-align: center;\"><style>.wp-show-posts-columns#wpsp-383 {margin-left: -2em; }.wp-show-posts-columns#wpsp-383 .wp-show-posts-inner {margin: 0 0 2em 2em; }<\/style><section id=\"wpsp-383\" class=\" wp-show-posts-columns wp-show-posts\" style=\"\"><article class=\" wp-show-posts-single post-1165 post type-post status-publish format-standard hentry category-sin-categoria wpsp-col-4\" itemtype=\"http:\/\/schema.org\/CreativeWork\" itemscope><div class=\"wp-show-posts-inner\" style=\"\">\t\t\t\t\t\t<header class=\"wp-show-posts-entry-header\">\n\t\t\t\t\t\t\t<h2 class=\"wp-show-posts-entry-title\" itemprop=\"headline\"><a href=\"https:\/\/iesa-tuc.infd.edu.ar\/sitio\/programas-2025\/\" rel=\"bookmark\">PROGRAMAS 2025<\/a><\/h2>\t\t\t\t\t\t<\/header><!-- .entry-header -->\n\t\t\t\t\t\t\t\t\t\t\t<div class=\"wp-show-posts-entry-summary\" itemprop=\"text\">\n\t\t\t\t\t\t\t<p>Atenci\u00f3n! a continuaci\u00f3n adjuntamos link de programas 2025 de todas las carreras https:\/\/drive.google.com\/drive\/folders\/1DlPfKOhcxwAjGNGRx8StR-puS51xXn6w?usp=drive_link<\/p>\n\t\t\t\t\t\t<\/div><!-- .entry-summary -->\n\t\t\t\t\t<\/div><!-- wp-show-posts-inner --><\/article><article class=\" wp-show-posts-single post-1135 post type-post status-publish format-standard hentry category-sin-categoria tag-17 tag-rai wpsp-col-4\" itemtype=\"http:\/\/schema.org\/CreativeWork\" itemscope><div class=\"wp-show-posts-inner\" style=\"\">\t\t\t\t\t\t<header class=\"wp-show-posts-entry-header\">\n\t\t\t\t\t\t\t<h2 class=\"wp-show-posts-entry-title\" itemprop=\"headline\"><a href=\"https:\/\/iesa-tuc.infd.edu.ar\/sitio\/rai-2025\/\" rel=\"bookmark\">RAI 2025<\/a><\/h2>\t\t\t\t\t\t<\/header><!-- .entry-header -->\n\t\t\t\t\t\t\t\t\t\t\t<div class=\"wp-show-posts-entry-summary\" itemprop=\"text\">\n\t\t\t\t\t\t\t\t\t\t\t\t\t<\/div><!-- .entry-summary -->\n\t\t\t\t\t<\/div><!-- wp-show-posts-inner --><\/article><article class=\" wp-show-posts-single post-1085 post type-post status-publish format-standard hentry category-sin-categoria wpsp-col-4\" itemtype=\"http:\/\/schema.org\/CreativeWork\" itemscope><div class=\"wp-show-posts-inner\" style=\"\">\t\t\t\t\t\t<header class=\"wp-show-posts-entry-header\">\n\t\t\t\t\t\t\t<h2 class=\"wp-show-posts-entry-title\" itemprop=\"headline\"><a href=\"https:\/\/iesa-tuc.infd.edu.ar\/sitio\/rai-2024-regimen-academico-institucional\/\" rel=\"bookmark\">RAI 2024- R\u00c9GIMEN ACAD\u00c9MICO INSTITUCIONAL<\/a><\/h2>\t\t\t\t\t\t<\/header><!-- .entry-header -->\n\t\t\t\t\t\t\t\t\t\t\t<div class=\"wp-show-posts-entry-summary\" itemprop=\"text\">\n\t\t\t\t\t\t\t\t\t\t\t\t\t<\/div><!-- .entry-summary -->\n\t\t\t\t\t<\/div><!-- wp-show-posts-inner --><\/article><div class=\"wpsp-clear\"><\/div><\/section><!-- .wp-show-posts --><\/p>\n","protected":false},"excerpt":{"rendered":"<p>Instituto de Ense\u00f1anza Superior \u00a0\u00a0Aguilares 50 a\u00f1os al servicio de la\u00a0 Educaci\u00f3n\u00a0 \u00a0 \u00a0 \u00a0 \u00a0Este Instituto de Ense\u00f1anza Superior Docente, forma parte del sistema de educaci\u00f3n p\u00fablica de gesti\u00f3n estatal. \u00a0 \u00a0 \u00a0 \u00a0El I.E.S. Aguilares, cuenta con edificio propio, sito en Miguel Perilli 1201, en la localidad de Aguilares, departamento R\u00edo Chico, provincia &#8230; <a title=\"RAI 2024- R\u00c9GIMEN ACAD\u00c9MICO INSTITUCIONAL\" class=\"read-more\" href=\"https:\/\/iesa-tuc.infd.edu.ar\/sitio\/rai-2024-regimen-academico-institucional\/\" aria-label=\"More on RAI 2024- R\u00c9GIMEN ACAD\u00c9MICO INSTITUCIONAL\">[+]<\/a><\/p>\n","protected":false},"author":1,"featured_media":0,"parent":0,"menu_order":0,"comment_status":"closed","ping_status":"closed","template":"","meta":[],"acf":[],"_links":{"self":[{"href":"https:\/\/iesa-tuc.infd.edu.ar\/sitio\/wp-json\/wp\/v2\/pages\/286"}],"collection":[{"href":"https:\/\/iesa-tuc.infd.edu.ar\/sitio\/wp-json\/wp\/v2\/pages"}],"about":[{"href":"https:\/\/iesa-tuc.infd.edu.ar\/sitio\/wp-json\/wp\/v2\/types\/page"}],"author":[{"embeddable":true,"href":"https:\/\/iesa-tuc.infd.edu.ar\/sitio\/wp-json\/wp\/v2\/users\/1"}],"replies":[{"embeddable":true,"href":"https:\/\/iesa-tuc.infd.edu.ar\/sitio\/wp-json\/wp\/v2\/comments?post=286"}],"version-history":[{"count":91,"href":"https:\/\/iesa-tuc.infd.edu.ar\/sitio\/wp-json\/wp\/v2\/pages\/286\/revisions"}],"predecessor-version":[{"id":925,"href":"https:\/\/iesa-tuc.infd.edu.ar\/sitio\/wp-json\/wp\/v2\/pages\/286\/revisions\/925"}],"wp:attachment":[{"href":"https:\/\/iesa-tuc.infd.edu.ar\/sitio\/wp-json\/wp\/v2\/media?parent=286"}],"curies":[{"name":"wp","href":"https:\/\/api.w.org\/{rel}","templated":true}]}}